{"id":1040,"date":"2025-01-30T18:50:56","date_gmt":"2025-01-30T18:50:56","guid":{"rendered":"https:\/\/piscinenoah.com\/?page_id=1040"},"modified":"2025-03-11T16:25:16","modified_gmt":"2025-03-11T16:25:16","slug":"diamond-model-2","status":"publish","type":"page","link":"https:\/\/piscinenoah.com\/en\/modele-diamant-2\/","title":{"rendered":"DIAMOND MODEL"},"content":{"rendered":"\t\t<div data-elementor-type=\"wp-page\" data-elementor-id=\"1040\" class=\"elementor elementor-1040\" data-elementor-post-type=\"page\">\n\t\t\t\t<div class=\"elementor-element elementor-element-434169c e-flex e-con-boxed e-con e-parent\" data-id=\"434169c\" data-element_type=\"container\" data-settings=\"{&quot;background_background&quot;:&quot;classic&quot;}\">\n\t\t\t\t\t<div class=\"e-con-inner\">\n\t\t<div class=\"elementor-element elementor-element-60bda42 e-con-full e-flex elementor-invisible e-con e-child\" data-id=\"60bda42\" data-element_type=\"container\" data-settings=\"{&quot;animation&quot;:&quot;fadeInLeft&quot;,&quot;motion_fx_motion_fx_scrolling&quot;:&quot;yes&quot;,&quot;motion_fx_devices&quot;:[&quot;desktop&quot;,&quot;tablet&quot;,&quot;mobile&quot;]}\">\n\t\t\t\t<div class=\"elementor-element elementor-element-6050cc8 elementor-widget elementor-widget-heading\" data-id=\"6050cc8\" data-element_type=\"widget\" data-widget_type=\"heading.default\">\n\t\t\t\t<div class=\"elementor-widget-container\">\n\t\t\t\t\t<h1 class=\"elementor-heading-title elementor-size-default\">BAIGN\u00c9 EN SOLEIL<\/h1>\t\t\t\t<\/div>\n\t\t\t\t<\/div>\n\t\t\t\t<div class=\"elementor-element elementor-element-cfddfb9 elementor-invisible elementor-widget elementor-widget-button\" data-id=\"cfddfb9\" data-element_type=\"widget\" data-settings=\"{&quot;_animation&quot;:&quot;fadeInUp&quot;}\" data-widget_type=\"button.default\">\n\t\t\t\t<div class=\"elementor-widget-container\">\n\t\t\t\t\t\t\t\t\t<div class=\"elementor-button-wrapper\">\n\t\t\t\t\t<a class=\"elementor-button elementor-button-link elementor-size-sm elementor-animation-push\" href=\"#Formulaire\">\n\t\t\t\t\t\t<span class=\"elementor-button-content-wrapper\">\n\t\t\t\t\t\t\t\t\t<span class=\"elementor-button-text\">Obtenir un devis<\/span>\n\t\t\t\t\t<\/span>\n\t\t\t\t\t<\/a>\n\t\t\t\t<\/div>\n\t\t\t\t\t\t\t\t<\/div>\n\t\t\t\t<\/div>\n\t\t\t\t<\/div>\n\t\t\t\t\t<\/div>\n\t\t\t\t<\/div>\n\t\t<div class=\"elementor-element elementor-element-934212a e-flex e-con-boxed e-con e-parent\" data-id=\"934212a\" data-element_type=\"container\" data-settings=\"{&quot;background_background&quot;:&quot;classic&quot;}\">\n\t\t\t\t\t<div class=\"e-con-inner\">\n\t\t\t\t<div class=\"elementor-element elementor-element-a256005 elementor-widget__width-initial elementor-invisible elementor-widget elementor-widget-heading\" data-id=\"a256005\" data-element_type=\"widget\" data-settings=\"{&quot;_animation&quot;:&quot;fadeIn&quot;}\" data-widget_type=\"heading.default\">\n\t\t\t\t<div class=\"elementor-widget-container\">\n\t\t\t\t\t<h2 class=\"elementor-heading-title elementor-size-default\">COLLECTION PISCINE TROPICAL<\/h2>\t\t\t\t<\/div>\n\t\t\t\t<\/div>\n\t\t\t\t\t<\/div>\n\t\t\t\t<\/div>\n\t\t<div class=\"elementor-element elementor-element-42013c2 e-con-full e-flex e-con e-parent\" data-id=\"42013c2\" data-element_type=\"container\" data-settings=\"{&quot;background_background&quot;:&quot;classic&quot;}\">\n\t\t<div class=\"elementor-element elementor-element-28a7766 e-con-full e-flex e-con e-child\" data-id=\"28a7766\" data-element_type=\"container\">\n\t\t\t\t<div class=\"elementor-element elementor-element-2d2d2d5 elementor-widget elementor-widget-image\" data-id=\"2d2d2d5\" data-element_type=\"widget\" data-widget_type=\"image.default\">\n\t\t\t\t<div class=\"elementor-widget-container\">\n\t\t\t\t\t\t\t\t\t\t\t\t\t\t\t<img fetchpriority=\"high\" decoding=\"async\" width=\"683\" height=\"1024\" src=\"https:\/\/piscinenoah.com\/wp-content\/uploads\/2025\/01\/modele-diamant-683x1024.jpg\" class=\"attachment-large size-large wp-image-959\" alt=\"\" srcset=\"https:\/\/piscinenoah.com\/wp-content\/uploads\/2025\/01\/modele-diamant-683x1024.jpg 683w, https:\/\/piscinenoah.com\/wp-content\/uploads\/2025\/01\/modele-diamant-200x300.jpg 200w, https:\/\/piscinenoah.com\/wp-content\/uploads\/2025\/01\/modele-diamant-768x1152.jpg 768w, https:\/\/piscinenoah.com\/wp-content\/uploads\/2025\/01\/modele-diamant-1024x1536.jpg 1024w, https:\/\/piscinenoah.com\/wp-content\/uploads\/2025\/01\/modele-diamant.jpg 1067w\" sizes=\"(max-width: 683px) 100vw, 683px\" \/>\t\t\t\t\t\t\t\t\t\t\t\t\t\t\t<\/div>\n\t\t\t\t<\/div>\n\t\t<div class=\"elementor-element elementor-element-d2c912a e-flex e-con-boxed e-con e-child\" data-id=\"d2c912a\" data-element_type=\"container\">\n\t\t\t\t\t<div class=\"e-con-inner\">\n\t\t<div class=\"elementor-element elementor-element-42c112e e-grid e-con-boxed e-con e-child\" data-id=\"42c112e\" data-element_type=\"container\">\n\t\t\t\t\t<div class=\"e-con-inner\">\n\t\t\t\t<div class=\"elementor-element elementor-element-1f4d69e elementor-hidden-mobile elementor-widget elementor-widget-image\" data-id=\"1f4d69e\" data-element_type=\"widget\" data-widget_type=\"image.default\">\n\t\t\t\t<div class=\"elementor-widget-container\">\n\t\t\t\t\t\t\t\t\t\t\t\t\t\t\t<img decoding=\"async\" width=\"373\" height=\"332\" src=\"https:\/\/piscinenoah.com\/wp-content\/uploads\/2025\/01\/modele-diamant-2.png\" class=\"attachment-large size-large wp-image-960\" alt=\"\" srcset=\"https:\/\/piscinenoah.com\/wp-content\/uploads\/2025\/01\/modele-diamant-2.png 373w, https:\/\/piscinenoah.com\/wp-content\/uploads\/2025\/01\/modele-diamant-2-300x267.png 300w\" sizes=\"(max-width: 373px) 100vw, 373px\" \/>\t\t\t\t\t\t\t\t\t\t\t\t\t\t\t<\/div>\n\t\t\t\t<\/div>\n\t\t\t\t\t<\/div>\n\t\t\t\t<\/div>\n\t\t\t\t<div class=\"elementor-element elementor-element-745c4c4 elementor-invisible elementor-widget elementor-widget-button\" data-id=\"745c4c4\" data-element_type=\"widget\" data-settings=\"{&quot;_animation&quot;:&quot;fadeInUp&quot;}\" data-widget_type=\"button.default\">\n\t\t\t\t<div class=\"elementor-widget-container\">\n\t\t\t\t\t\t\t\t\t<div class=\"elementor-button-wrapper\">\n\t\t\t\t\t<a class=\"elementor-button elementor-button-link elementor-size-sm elementor-animation-push\" href=\"https:\/\/piscinenoah.com\/\">\n\t\t\t\t\t\t<span class=\"elementor-button-content-wrapper\">\n\t\t\t\t\t\t\t\t\t<span class=\"elementor-button-text\">RETOUR AU MOD\u00c8LES<\/span>\n\t\t\t\t\t<\/span>\n\t\t\t\t\t<\/a>\n\t\t\t\t<\/div>\n\t\t\t\t\t\t\t\t<\/div>\n\t\t\t\t<\/div>\n\t\t\t\t\t<\/div>\n\t\t\t\t<\/div>\n\t\t\t\t<\/div>\n\t\t<div class=\"elementor-element elementor-element-e323d44 e-con-full e-flex e-con e-child\" data-id=\"e323d44\" data-element_type=\"container\">\n\t\t\t\t<div class=\"elementor-element elementor-element-5901dde elementor-widget__width-initial elementor-invisible elementor-widget elementor-widget-heading\" data-id=\"5901dde\" data-element_type=\"widget\" data-settings=\"{&quot;_animation&quot;:&quot;fadeIn&quot;}\" data-widget_type=\"heading.default\">\n\t\t\t\t<div class=\"elementor-widget-container\">\n\t\t\t\t\t<h2 class=\"elementor-heading-title elementor-size-default\">MOD\u00c8LE DIAMANT 8' X 10'\n<\/h2>\t\t\t\t<\/div>\n\t\t\t\t<\/div>\n\t\t\t\t<div class=\"elementor-element elementor-element-ce66a5f elementor-hidden-desktop elementor-hidden-tablet elementor-widget elementor-widget-image\" data-id=\"ce66a5f\" data-element_type=\"widget\" data-widget_type=\"image.default\">\n\t\t\t\t<div class=\"elementor-widget-container\">\n\t\t\t\t\t\t\t\t\t\t\t\t\t\t\t<img decoding=\"async\" width=\"373\" height=\"332\" src=\"https:\/\/piscinenoah.com\/wp-content\/uploads\/2025\/01\/modele-diamant-2.png\" class=\"attachment-large size-large wp-image-960\" alt=\"\" srcset=\"https:\/\/piscinenoah.com\/wp-content\/uploads\/2025\/01\/modele-diamant-2.png 373w, https:\/\/piscinenoah.com\/wp-content\/uploads\/2025\/01\/modele-diamant-2-300x267.png 300w\" sizes=\"(max-width: 373px) 100vw, 373px\" \/>\t\t\t\t\t\t\t\t\t\t\t\t\t\t\t<\/div>\n\t\t\t\t<\/div>\n\t\t\t\t<div class=\"elementor-element elementor-element-3c2949d elementor-invisible elementor-widget elementor-widget-button\" data-id=\"3c2949d\" data-element_type=\"widget\" data-settings=\"{&quot;_animation&quot;:&quot;fadeInUp&quot;}\" data-widget_type=\"button.default\">\n\t\t\t\t<div class=\"elementor-widget-container\">\n\t\t\t\t\t\t\t\t\t<div class=\"elementor-button-wrapper\">\n\t\t\t\t\t<a class=\"elementor-button elementor-button-link elementor-size-sm elementor-animation-push\" href=\"#Formulaire\">\n\t\t\t\t\t\t<span class=\"elementor-button-content-wrapper\">\n\t\t\t\t\t\t\t\t\t<span class=\"elementor-button-text\">Obtenir un devis<\/span>\n\t\t\t\t\t<\/span>\n\t\t\t\t\t<\/a>\n\t\t\t\t<\/div>\n\t\t\t\t\t\t\t\t<\/div>\n\t\t\t\t<\/div>\n\t\t\t\t<div class=\"elementor-element elementor-element-4aeeef8 elementor-widget elementor-widget-text-editor\" data-id=\"4aeeef8\" data-element_type=\"widget\" data-widget_type=\"text-editor.default\">\n\t\t\t\t<div class=\"elementor-widget-container\">\n\t\t\t\t\t\t\t\t\t<p><span style=\"color: #000000;\">Le mod\u00e8le de piscine <strong>Diamant<\/strong> est id\u00e9al pour les espaces ext\u00e9rieurs restreints. Avec ses dimensions de 8&prime; x 10&prime;, il offre une taille comparable \u00e0 celle d\u2019un spa standard, tout en permettant de profiter pleinement de votre espace ext\u00e9rieur. Ce mod\u00e8le se distingue par ses larges marches qui entourent chaque c\u00f4t\u00e9 de la piscine, offrant ainsi une assise confortable \u00e0 tous les baigneurs.<\/span><\/p>\t\t\t\t\t\t\t\t<\/div>\n\t\t\t\t<\/div>\n\t\t\t\t<div class=\"elementor-element elementor-element-66da87d elementor-widget__width-initial elementor-invisible elementor-widget elementor-widget-heading\" data-id=\"66da87d\" data-element_type=\"widget\" data-settings=\"{&quot;_animation&quot;:&quot;fadeIn&quot;}\" data-widget_type=\"heading.default\">\n\t\t\t\t<div class=\"elementor-widget-container\">\n\t\t\t\t\t<h2 class=\"elementor-heading-title elementor-size-default\">NOS COULEURS DE PISCINE DISPONIBLE\n<\/h2>\t\t\t\t<\/div>\n\t\t\t\t<\/div>\n\t\t\t\t<div class=\"elementor-element elementor-element-3503c2e elementor-widget elementor-widget-gallery\" data-id=\"3503c2e\" data-element_type=\"widget\" data-settings=\"{&quot;gallery_layout&quot;:&quot;justified&quot;,&quot;ideal_row_height&quot;:{&quot;unit&quot;:&quot;px&quot;,&quot;size&quot;:83,&quot;sizes&quot;:[]},&quot;gap&quot;:{&quot;unit&quot;:&quot;px&quot;,&quot;size&quot;:11,&quot;sizes&quot;:[]},&quot;lazyload&quot;:&quot;yes&quot;,&quot;ideal_row_height_tablet&quot;:{&quot;unit&quot;:&quot;px&quot;,&quot;size&quot;:150,&quot;sizes&quot;:[]},&quot;ideal_row_height_mobile&quot;:{&quot;unit&quot;:&quot;px&quot;,&quot;size&quot;:150,&quot;sizes&quot;:[]},&quot;gap_tablet&quot;:{&quot;unit&quot;:&quot;px&quot;,&quot;size&quot;:10,&quot;sizes&quot;:[]},&quot;gap_mobile&quot;:{&quot;unit&quot;:&quot;px&quot;,&quot;size&quot;:10,&quot;sizes&quot;:[]},&quot;link_to&quot;:&quot;file&quot;,&quot;show_all_galleries&quot;:&quot;yes&quot;,&quot;overlay_background&quot;:&quot;yes&quot;,&quot;content_hover_animation&quot;:&quot;fade-in&quot;}\" data-widget_type=\"gallery.default\">\n\t\t\t\t<div class=\"elementor-widget-container\">\n\t\t\t\t\t\t\t\t<div class=\"elementor-gallery__titles-container e--pointer-underline e--animation-fade\" aria-label=\"Gallery filter\">\n\t\t\t\t\t\t\t\t\t<a class=\"elementor-item elementor-gallery-title\" role=\"button\" tabindex=\"0\" data-gallery-index=\"all\">\n\t\t\t\t\t\tTout\t\t\t\t\t<\/a>\n\t\t\t\t\n\t\t\t\t\t\t\t\t\t<a class=\"elementor-item elementor-gallery-title\" role=\"button\" tabindex=\"0\" data-gallery-index=\"1\">\n\t\t\t\t\t\tnos couleurs de piscine\t\t\t\t\t<\/a>\n\t\t\t\t\t\t\t\t<\/div>\n\t\t\t\t\t<div class=\"elementor-gallery__container\">\n\t\t\t\t\t\t\t<a class=\"e-gallery-item elementor-gallery-item elementor-animated-content\" data-e-gallery-tags=\"1\" href=\"https:\/\/piscinenoah.com\/wp-content\/uploads\/2024\/01\/sel-de-mer-1024x1024-1.png\" data-elementor-open-lightbox=\"yes\" data-elementor-lightbox-slideshow=\"3503c2e\" data-elementor-lightbox-title=\"sel-de-mer-1024x1024-1\" data-e-action-hash=\"#elementor-action%3Aaction%3Dlightbox%26settings%3DeyJpZCI6NjA5LCJ1cmwiOiJodHRwczpcL1wvcGlzY2luZW5vYWguY29tXC93cC1jb250ZW50XC91cGxvYWRzXC8yMDI0XC8wMVwvc2VsLWRlLW1lci0xMDI0eDEwMjQtMS5wbmciLCJzbGlkZXNob3ciOiIzNTAzYzJlIn0%3D\">\n\t\t\t\t\t<div class=\"e-gallery-image elementor-gallery-item__image\" data-thumbnail=\"https:\/\/piscinenoah.com\/wp-content\/uploads\/2024\/01\/sel-de-mer-1024x1024-1-150x150.png\" data-width=\"150\" data-height=\"150\" aria-label=\"\" role=\"img\" ><\/div>\n\t\t\t\t\t\t\t\t\t\t\t<div class=\"elementor-gallery-item__overlay\"><\/div>\n\t\t\t\t\t\t\t\t\t\t\t\t\t\t<\/a>\n\t\t\t\t\t\t\t<a class=\"e-gallery-item elementor-gallery-item elementor-animated-content\" data-e-gallery-tags=\"1\" href=\"https:\/\/piscinenoah.com\/wp-content\/uploads\/2024\/01\/gris-arctique-1024x1024-1.png\" data-elementor-open-lightbox=\"yes\" data-elementor-lightbox-slideshow=\"3503c2e\" data-elementor-lightbox-title=\"gris-arctique-1024x1024-1\" data-e-action-hash=\"#elementor-action%3Aaction%3Dlightbox%26settings%3DeyJpZCI6NjEwLCJ1cmwiOiJodHRwczpcL1wvcGlzY2luZW5vYWguY29tXC93cC1jb250ZW50XC91cGxvYWRzXC8yMDI0XC8wMVwvZ3Jpcy1hcmN0aXF1ZS0xMDI0eDEwMjQtMS5wbmciLCJzbGlkZXNob3ciOiIzNTAzYzJlIn0%3D\">\n\t\t\t\t\t<div class=\"e-gallery-image elementor-gallery-item__image\" data-thumbnail=\"https:\/\/piscinenoah.com\/wp-content\/uploads\/2024\/01\/gris-arctique-1024x1024-1-150x150.png\" data-width=\"150\" data-height=\"150\" aria-label=\"\" role=\"img\" ><\/div>\n\t\t\t\t\t\t\t\t\t\t\t<div class=\"elementor-gallery-item__overlay\"><\/div>\n\t\t\t\t\t\t\t\t\t\t\t\t\t\t<\/a>\n\t\t\t\t\t\t\t<a class=\"e-gallery-item elementor-gallery-item elementor-animated-content\" data-e-gallery-tags=\"1\" href=\"https:\/\/piscinenoah.com\/wp-content\/uploads\/2024\/01\/aqua-1024x1024-1.png\" data-elementor-open-lightbox=\"yes\" data-elementor-lightbox-slideshow=\"3503c2e\" data-elementor-lightbox-title=\"aqua-1024x1024-1\" data-e-action-hash=\"#elementor-action%3Aaction%3Dlightbox%26settings%3DeyJpZCI6NjExLCJ1cmwiOiJodHRwczpcL1wvcGlzY2luZW5vYWguY29tXC93cC1jb250ZW50XC91cGxvYWRzXC8yMDI0XC8wMVwvYXF1YS0xMDI0eDEwMjQtMS5wbmciLCJzbGlkZXNob3ciOiIzNTAzYzJlIn0%3D\">\n\t\t\t\t\t<div class=\"e-gallery-image elementor-gallery-item__image\" data-thumbnail=\"https:\/\/piscinenoah.com\/wp-content\/uploads\/2024\/01\/aqua-1024x1024-1-150x150.png\" data-width=\"150\" data-height=\"150\" aria-label=\"\" role=\"img\" ><\/div>\n\t\t\t\t\t\t\t\t\t\t\t<div class=\"elementor-gallery-item__overlay\"><\/div>\n\t\t\t\t\t\t\t\t\t\t\t\t\t\t<\/a>\n\t\t\t\t\t\t\t<a class=\"e-gallery-item elementor-gallery-item elementor-animated-content\" data-e-gallery-tags=\"1\" href=\"https:\/\/piscinenoah.com\/wp-content\/uploads\/2024\/01\/ocean-1024x1024-1.png\" data-elementor-open-lightbox=\"yes\" data-elementor-lightbox-slideshow=\"3503c2e\" data-elementor-lightbox-title=\"ocean-1024x1024-1\" data-e-action-hash=\"#elementor-action%3Aaction%3Dlightbox%26settings%3DeyJpZCI6NjEyLCJ1cmwiOiJodHRwczpcL1wvcGlzY2luZW5vYWguY29tXC93cC1jb250ZW50XC91cGxvYWRzXC8yMDI0XC8wMVwvb2NlYW4tMTAyNHgxMDI0LTEucG5nIiwic2xpZGVzaG93IjoiMzUwM2MyZSJ9\">\n\t\t\t\t\t<div class=\"e-gallery-image elementor-gallery-item__image\" data-thumbnail=\"https:\/\/piscinenoah.com\/wp-content\/uploads\/2024\/01\/ocean-1024x1024-1-150x150.png\" data-width=\"150\" data-height=\"150\" aria-label=\"\" role=\"img\" ><\/div>\n\t\t\t\t\t\t\t\t\t\t\t<div class=\"elementor-gallery-item__overlay\"><\/div>\n\t\t\t\t\t\t\t\t\t\t\t\t\t\t<\/a>\n\t\t\t\t\t\t\t<a class=\"e-gallery-item elementor-gallery-item elementor-animated-content\" data-e-gallery-tags=\"1\" href=\"https:\/\/piscinenoah.com\/wp-content\/uploads\/2024\/01\/pacifique-1024x1024-1.png\" data-elementor-open-lightbox=\"yes\" data-elementor-lightbox-slideshow=\"3503c2e\" data-elementor-lightbox-title=\"pacifique-1024x1024-1\" data-e-action-hash=\"#elementor-action%3Aaction%3Dlightbox%26settings%3DeyJpZCI6NjEzLCJ1cmwiOiJodHRwczpcL1wvcGlzY2luZW5vYWguY29tXC93cC1jb250ZW50XC91cGxvYWRzXC8yMDI0XC8wMVwvcGFjaWZpcXVlLTEwMjR4MTAyNC0xLnBuZyIsInNsaWRlc2hvdyI6IjM1MDNjMmUifQ%3D%3D\">\n\t\t\t\t\t<div class=\"e-gallery-image elementor-gallery-item__image\" data-thumbnail=\"https:\/\/piscinenoah.com\/wp-content\/uploads\/2024\/01\/pacifique-1024x1024-1-150x150.png\" data-width=\"150\" data-height=\"150\" aria-label=\"\" role=\"img\" ><\/div>\n\t\t\t\t\t\t\t\t\t\t\t<div class=\"elementor-gallery-item__overlay\"><\/div>\n\t\t\t\t\t\t\t\t\t\t\t\t\t\t<\/a>\n\t\t\t\t\t\t\t<a class=\"e-gallery-item elementor-gallery-item elementor-animated-content\" data-e-gallery-tags=\"1\" href=\"https:\/\/piscinenoah.com\/wp-content\/uploads\/2024\/01\/galaxie-1024x1024-1.png\" data-elementor-open-lightbox=\"yes\" data-elementor-lightbox-slideshow=\"3503c2e\" data-elementor-lightbox-title=\"galaxie-1024x1024-1\" data-e-action-hash=\"#elementor-action%3Aaction%3Dlightbox%26settings%3DeyJpZCI6NjE0LCJ1cmwiOiJodHRwczpcL1wvcGlzY2luZW5vYWguY29tXC93cC1jb250ZW50XC91cGxvYWRzXC8yMDI0XC8wMVwvZ2FsYXhpZS0xMDI0eDEwMjQtMS5wbmciLCJzbGlkZXNob3ciOiIzNTAzYzJlIn0%3D\">\n\t\t\t\t\t<div class=\"e-gallery-image elementor-gallery-item__image\" data-thumbnail=\"https:\/\/piscinenoah.com\/wp-content\/uploads\/2024\/01\/galaxie-1024x1024-1-150x150.png\" data-width=\"150\" data-height=\"150\" aria-label=\"\" role=\"img\" ><\/div>\n\t\t\t\t\t\t\t\t\t\t\t<div class=\"elementor-gallery-item__overlay\"><\/div>\n\t\t\t\t\t\t\t\t\t\t\t\t\t\t<\/a>\n\t\t\t\t\t<\/div>\n\t\t\t\t\t<\/div>\n\t\t\t\t<\/div>\n\t\t\t\t<div class=\"elementor-element elementor-element-9afc3e6 elementor-widget__width-initial elementor-invisible elementor-widget elementor-widget-heading\" data-id=\"9afc3e6\" data-element_type=\"widget\" data-settings=\"{&quot;_animation&quot;:&quot;fadeIn&quot;}\" data-widget_type=\"heading.default\">\n\t\t\t\t<div class=\"elementor-widget-container\">\n\t\t\t\t\t<h2 class=\"elementor-heading-title elementor-size-default\">LES INCLUS DANS NOS INSTALLATIONS\n<\/h2>\t\t\t\t<\/div>\n\t\t\t\t<\/div>\n\t\t\t\t<div class=\"elementor-element elementor-element-a16dbe5 elementor-widget elementor-widget-text-editor\" data-id=\"a16dbe5\" data-element_type=\"widget\" data-widget_type=\"text-editor.default\">\n\t\t\t\t<div class=\"elementor-widget-container\">\n\t\t\t\t\t\t\t\t\t<p><span style=\"color: #000000; text-align: var(--text-align); font-size: 1rem;\">Visite \u00e0 domicile d\u2019un repr\u00e9sentant<\/span><br \/><span style=\"color: #000000;\">Plan 2D personnalis\u00e9<\/span><br \/><span style=\"color: #000000;\">Excavation compl\u00e8te et disposition de la terre<\/span><br \/><span style=\"color: #000000;\">Installation de la piscine<\/span><br \/><span style=\"color: #000000;\">Installation des \u00e9quipements de filtration<\/span><br \/><span style=\"color: #000000;\">Mise en marche et formation pour l\u2019utilisateur<\/span><\/p><p><span style=\"color: #000000;\">\u00c9quipements Inclus \u00e0 l\u2019achat :<br \/><\/span><span style=\"color: #000000; text-align: var(--text-align); font-size: 1rem;\">\u00c9cumoire compl\u00e8te incluant plaque de balayeuse<br \/><\/span><span style=\"color: #000000; text-align: var(--text-align); font-size: 1rem;\">2 retours<br \/><\/span><span style=\"color: #000000; text-align: var(--text-align); font-size: 1rem;\">1 drain mural<br \/><\/span><span style=\"color: #000000; text-align: var(--text-align); font-size: 1rem;\">Plomberie compl\u00e8te pour raccordement des \u00e9quipements\u00a0<br \/><\/span><span style=\"color: #000000; text-align: var(--text-align); font-size: 1rem;\">Filtre au sable haute performance<\/span><\/p><p><span style=\"color: #000000;\">Pompe 1,5 hp haute performance (110v\/220v)<\/span><br \/><span style=\"color: #000000;\">Sable de filtration<\/span><br \/><span style=\"color: #000000;\">Puits d\u2019ass\u00e8chement\u00a0 avec couvercle<br \/><\/span><br \/><span style=\"color: #000000;\">Ensemble d\u2019entretien Noah incluant :<\/span><br \/><span style=\"color: #000000;\">P\u00f4le t\u00e9lescopique<\/span><br \/><span style=\"color: #000000;\">Kit de plomberie compl\u00e8te<\/span><br \/><span style=\"color: #000000;\">T\u00eate de balayeuse triangulaire<\/span><br \/><span style=\"color: #000000;\">Brosse de mur<\/span><br \/><span style=\"color: #000000;\">Thermom\u00e8tre<\/span><br \/><span style=\"color: #000000;\">Ensemble d\u2019analyse (languettes x 50)<\/span><br \/><span style=\"color: #000000;\">Crochets pour accessoires<\/span><br \/><span style=\"color: #000000;\">Boyau de balayeuse premium<\/span><br \/><span style=\"color: #000000;\">Boyau de drainage HD<\/span><br \/><span style=\"color: #000000;\">Boyau 1 \u00bd<\/span><br \/><span style=\"color: #000000;\">Anode<\/span><br \/><span style=\"color: #000000;\">Guide de l\u2019utilisateur<\/span><\/p>\t\t\t\t\t\t\t\t<\/div>\n\t\t\t\t<\/div>\n\t\t\t\t<div class=\"elementor-element elementor-element-71c0577 elementor-align-center elementor-invisible elementor-widget elementor-widget-button\" data-id=\"71c0577\" data-element_type=\"widget\" data-settings=\"{&quot;_animation&quot;:&quot;fadeInUp&quot;,&quot;_animation_delay&quot;:400}\" data-widget_type=\"button.default\">\n\t\t\t\t<div class=\"elementor-widget-container\">\n\t\t\t\t\t\t\t\t\t<div class=\"elementor-button-wrapper\">\n\t\t\t\t\t<a class=\"elementor-button elementor-button-link elementor-size-sm elementor-animation-push\" href=\"#Formulaire\">\n\t\t\t\t\t\t<span class=\"elementor-button-content-wrapper\">\n\t\t\t\t\t\t\t\t\t<span class=\"elementor-button-text\">Soumission en ligne<\/span>\n\t\t\t\t\t<\/span>\n\t\t\t\t\t<\/a>\n\t\t\t\t<\/div>\n\t\t\t\t\t\t\t\t<\/div>\n\t\t\t\t<\/div>\n\t\t\t\t<\/div>\n\t\t\t\t<\/div>\n\t\t\t\t<\/div>\n\t\t","protected":false},"excerpt":{"rendered":"<p>BAIGN\u00c9 EN SOLEIL Obtenir un devis COLLECTION PISCINE TROPICAL RETOUR AU MOD\u00c8LES MOD\u00c8LE DIAMANT 8&prime; X 10&prime; Obtenir un devis Le mod\u00e8le de piscine Diamant est id\u00e9al pour les espaces ext\u00e9rieurs restreints. Avec ses dimensions de 8&prime; x 10&prime;, il offre une taille comparable \u00e0 celle d\u2019un spa standard, tout en permettant de profiter pleinement [&hellip;]<\/p>\n","protected":false},"author":1,"featured_media":0,"parent":0,"menu_order":0,"comment_status":"closed","ping_status":"closed","template":"elementor_header_footer","meta":{"om_disable_all_campaigns":false,"_monsterinsights_skip_tracking":false,"_monsterinsights_sitenote_active":false,"_monsterinsights_sitenote_note":"","_monsterinsights_sitenote_category":0,"_uf_show_specific_survey":0,"_uf_disable_surveys":false,"footnotes":""},"class_list":["post-1040","page","type-page","status-publish","hentry"],"aioseo_notices":[],"_links":{"self":[{"href":"https:\/\/piscinenoah.com\/en\/wp-json\/wp\/v2\/pages\/1040","targetHints":{"allow":["GET"]}}],"collection":[{"href":"https:\/\/piscinenoah.com\/en\/wp-json\/wp\/v2\/pages"}],"about":[{"href":"https:\/\/piscinenoah.com\/en\/wp-json\/wp\/v2\/types\/page"}],"author":[{"embeddable":true,"href":"https:\/\/piscinenoah.com\/en\/wp-json\/wp\/v2\/users\/1"}],"replies":[{"embeddable":true,"href":"https:\/\/piscinenoah.com\/en\/wp-json\/wp\/v2\/comments?post=1040"}],"version-history":[{"count":42,"href":"https:\/\/piscinenoah.com\/en\/wp-json\/wp\/v2\/pages\/1040\/revisions"}],"predecessor-version":[{"id":1685,"href":"https:\/\/piscinenoah.com\/en\/wp-json\/wp\/v2\/pages\/1040\/revisions\/1685"}],"wp:attachment":[{"href":"https:\/\/piscinenoah.com\/en\/wp-json\/wp\/v2\/media?parent=1040"}],"curies":[{"name":"wp","href":"https:\/\/api.w.org\/{rel}","templated":true}]}}