{"id":1766,"date":"2026-02-25T21:46:13","date_gmt":"2026-02-25T21:46:13","guid":{"rendered":"https:\/\/piscinenoah.com\/?page_id=1766"},"modified":"2026-04-06T03:09:04","modified_gmt":"2026-04-06T03:09:04","slug":"jade-model","status":"publish","type":"page","link":"https:\/\/piscinenoah.com\/en\/modele-jade\/","title":{"rendered":"JADE MODEL"},"content":{"rendered":"\t\t<div data-elementor-type=\"wp-page\" data-elementor-id=\"1766\" class=\"elementor elementor-1766\" data-elementor-post-type=\"page\">\n\t\t\t\t<div class=\"elementor-element elementor-element-434169c e-flex e-con-boxed e-con e-parent\" data-id=\"434169c\" data-element_type=\"container\" data-settings=\"{&quot;background_background&quot;:&quot;classic&quot;}\">\n\t\t\t\t\t<div class=\"e-con-inner\">\n\t\t<div class=\"elementor-element elementor-element-60bda42 e-con-full e-flex elementor-invisible e-con e-child\" data-id=\"60bda42\" data-element_type=\"container\" data-settings=\"{&quot;animation&quot;:&quot;fadeInLeft&quot;,&quot;motion_fx_motion_fx_scrolling&quot;:&quot;yes&quot;,&quot;motion_fx_devices&quot;:[&quot;desktop&quot;,&quot;tablet&quot;,&quot;mobile&quot;]}\">\n\t\t\t\t<div class=\"elementor-element elementor-element-cfddfb9 elementor-invisible elementor-widget elementor-widget-button\" data-id=\"cfddfb9\" data-element_type=\"widget\" data-settings=\"{&quot;_animation&quot;:&quot;fadeInUp&quot;}\" data-widget_type=\"button.default\">\n\t\t\t\t<div class=\"elementor-widget-container\">\n\t\t\t\t\t\t\t\t\t<div class=\"elementor-button-wrapper\">\n\t\t\t\t\t<a class=\"elementor-button elementor-button-link elementor-size-sm elementor-animation-push\" href=\"#Formulaire\">\n\t\t\t\t\t\t<span class=\"elementor-button-content-wrapper\">\n\t\t\t\t\t\t\t\t\t<span class=\"elementor-button-text\">Obtenir un devis<\/span>\n\t\t\t\t\t<\/span>\n\t\t\t\t\t<\/a>\n\t\t\t\t<\/div>\n\t\t\t\t\t\t\t\t<\/div>\n\t\t\t\t<\/div>\n\t\t\t\t<div class=\"elementor-element elementor-element-6050cc8 elementor-widget elementor-widget-heading\" data-id=\"6050cc8\" data-element_type=\"widget\" data-widget_type=\"heading.default\">\n\t\t\t\t<div class=\"elementor-widget-container\">\n\t\t\t\t\t<h1 class=\"elementor-heading-title elementor-size-default\">UNE PAUSE DE DETENTE<\/h1>\t\t\t\t<\/div>\n\t\t\t\t<\/div>\n\t\t\t\t<\/div>\n\t\t\t\t\t<\/div>\n\t\t\t\t<\/div>\n\t\t<div class=\"elementor-element elementor-element-934212a e-flex e-con-boxed e-con e-parent\" data-id=\"934212a\" data-element_type=\"container\" data-settings=\"{&quot;background_background&quot;:&quot;classic&quot;}\">\n\t\t\t\t\t<div class=\"e-con-inner\">\n\t\t\t\t<div class=\"elementor-element elementor-element-a256005 elementor-widget__width-initial elementor-invisible elementor-widget elementor-widget-heading\" data-id=\"a256005\" data-element_type=\"widget\" data-settings=\"{&quot;_animation&quot;:&quot;fadeIn&quot;}\" data-widget_type=\"heading.default\">\n\t\t\t\t<div class=\"elementor-widget-container\">\n\t\t\t\t\t<h2 class=\"elementor-heading-title elementor-size-default\">COLLECTION PISCINE TROPICAL<\/h2>\t\t\t\t<\/div>\n\t\t\t\t<\/div>\n\t\t\t\t\t<\/div>\n\t\t\t\t<\/div>\n\t\t<div class=\"elementor-element elementor-element-42013c2 e-con-full e-flex e-con e-parent\" data-id=\"42013c2\" data-element_type=\"container\" data-settings=\"{&quot;background_background&quot;:&quot;classic&quot;}\">\n\t\t<div class=\"elementor-element elementor-element-28a7766 e-con-full e-flex e-con e-child\" data-id=\"28a7766\" data-element_type=\"container\">\n\t\t\t\t<div class=\"elementor-element elementor-element-2d2d2d5 elementor-widget elementor-widget-image\" data-id=\"2d2d2d5\" data-element_type=\"widget\" data-widget_type=\"image.default\">\n\t\t\t\t<div class=\"elementor-widget-container\">\n\t\t\t\t\t\t\t\t\t\t\t\t\t\t\t<img fetchpriority=\"high\" decoding=\"async\" width=\"640\" height=\"427\" src=\"https:\/\/piscinenoah.com\/wp-content\/uploads\/2026\/02\/10x20-picture.png\" class=\"attachment-large size-large wp-image-1767\" alt=\"\" srcset=\"https:\/\/piscinenoah.com\/wp-content\/uploads\/2026\/02\/10x20-picture.png 640w, https:\/\/piscinenoah.com\/wp-content\/uploads\/2026\/02\/10x20-picture-300x200.png 300w\" sizes=\"(max-width: 640px) 100vw, 640px\" \/>\t\t\t\t\t\t\t\t\t\t\t\t\t\t\t<\/div>\n\t\t\t\t<\/div>\n\t\t<div class=\"elementor-element elementor-element-d2c912a e-flex e-con-boxed e-con e-child\" data-id=\"d2c912a\" data-element_type=\"container\">\n\t\t\t\t\t<div class=\"e-con-inner\">\n\t\t<div class=\"elementor-element elementor-element-42c112e e-grid e-con-boxed e-con e-child\" data-id=\"42c112e\" data-element_type=\"container\">\n\t\t\t\t\t<div class=\"e-con-inner\">\n\t\t\t\t<div class=\"elementor-element elementor-element-1f4d69e elementor-hidden-mobile elementor-widget elementor-widget-image\" data-id=\"1f4d69e\" data-element_type=\"widget\" data-widget_type=\"image.default\">\n\t\t\t\t<div class=\"elementor-widget-container\">\n\t\t\t\t\t\t\t\t\t\t\t\t\t\t\t<img decoding=\"async\" width=\"800\" height=\"800\" src=\"https:\/\/piscinenoah.com\/wp-content\/uploads\/2026\/02\/Untitled-design-1024x1024.png\" class=\"attachment-large size-large wp-image-1768\" alt=\"\" srcset=\"https:\/\/piscinenoah.com\/wp-content\/uploads\/2026\/02\/Untitled-design-1024x1024.png 1024w, https:\/\/piscinenoah.com\/wp-content\/uploads\/2026\/02\/Untitled-design-300x300.png 300w, https:\/\/piscinenoah.com\/wp-content\/uploads\/2026\/02\/Untitled-design-150x150.png 150w, https:\/\/piscinenoah.com\/wp-content\/uploads\/2026\/02\/Untitled-design-768x768.png 768w, https:\/\/piscinenoah.com\/wp-content\/uploads\/2026\/02\/Untitled-design.png 1080w\" sizes=\"(max-width: 800px) 100vw, 800px\" \/>\t\t\t\t\t\t\t\t\t\t\t\t\t\t\t<\/div>\n\t\t\t\t<\/div>\n\t\t\t\t\t<\/div>\n\t\t\t\t<\/div>\n\t\t\t\t<div class=\"elementor-element elementor-element-745c4c4 elementor-invisible elementor-widget elementor-widget-button\" data-id=\"745c4c4\" data-element_type=\"widget\" data-settings=\"{&quot;_animation&quot;:&quot;fadeInUp&quot;}\" data-widget_type=\"button.default\">\n\t\t\t\t<div class=\"elementor-widget-container\">\n\t\t\t\t\t\t\t\t\t<div class=\"elementor-button-wrapper\">\n\t\t\t\t\t<a class=\"elementor-button elementor-button-link elementor-size-sm elementor-animation-push\" href=\"https:\/\/piscinenoah.com\/\">\n\t\t\t\t\t\t<span class=\"elementor-button-content-wrapper\">\n\t\t\t\t\t\t\t\t\t<span class=\"elementor-button-text\">RETOUR AU MOD\u00c8LES<\/span>\n\t\t\t\t\t<\/span>\n\t\t\t\t\t<\/a>\n\t\t\t\t<\/div>\n\t\t\t\t\t\t\t\t<\/div>\n\t\t\t\t<\/div>\n\t\t\t\t\t<\/div>\n\t\t\t\t<\/div>\n\t\t\t\t<\/div>\n\t\t<div class=\"elementor-element elementor-element-e323d44 e-con-full e-flex e-con e-child\" data-id=\"e323d44\" data-element_type=\"container\">\n\t\t\t\t<div class=\"elementor-element elementor-element-5901dde elementor-widget__width-initial elementor-invisible elementor-widget elementor-widget-heading\" data-id=\"5901dde\" data-element_type=\"widget\" data-settings=\"{&quot;_animation&quot;:&quot;fadeIn&quot;}\" data-widget_type=\"heading.default\">\n\t\t\t\t<div class=\"elementor-widget-container\">\n\t\t\t\t\t<h2 class=\"elementor-heading-title elementor-size-default\">MOD\u00c8LE JADE 10' X 20'\n<\/h2>\t\t\t\t<\/div>\n\t\t\t\t<\/div>\n\t\t\t\t<div class=\"elementor-element elementor-element-ce66a5f elementor-hidden-desktop elementor-hidden-tablet elementor-widget elementor-widget-image\" data-id=\"ce66a5f\" data-element_type=\"widget\" data-widget_type=\"image.default\">\n\t\t\t\t<div class=\"elementor-widget-container\">\n\t\t\t\t\t\t\t\t\t\t\t\t\t\t\t<img decoding=\"async\" width=\"800\" height=\"800\" src=\"https:\/\/piscinenoah.com\/wp-content\/uploads\/2026\/02\/Untitled-design-1024x1024.png\" class=\"attachment-large size-large wp-image-1768\" alt=\"\" srcset=\"https:\/\/piscinenoah.com\/wp-content\/uploads\/2026\/02\/Untitled-design-1024x1024.png 1024w, https:\/\/piscinenoah.com\/wp-content\/uploads\/2026\/02\/Untitled-design-300x300.png 300w, https:\/\/piscinenoah.com\/wp-content\/uploads\/2026\/02\/Untitled-design-150x150.png 150w, https:\/\/piscinenoah.com\/wp-content\/uploads\/2026\/02\/Untitled-design-768x768.png 768w, https:\/\/piscinenoah.com\/wp-content\/uploads\/2026\/02\/Untitled-design.png 1080w\" sizes=\"(max-width: 800px) 100vw, 800px\" \/>\t\t\t\t\t\t\t\t\t\t\t\t\t\t\t<\/div>\n\t\t\t\t<\/div>\n\t\t\t\t<div class=\"elementor-element elementor-element-3c2949d elementor-invisible elementor-widget elementor-widget-button\" data-id=\"3c2949d\" data-element_type=\"widget\" data-settings=\"{&quot;_animation&quot;:&quot;fadeInUp&quot;}\" data-widget_type=\"button.default\">\n\t\t\t\t<div class=\"elementor-widget-container\">\n\t\t\t\t\t\t\t\t\t<div class=\"elementor-button-wrapper\">\n\t\t\t\t\t<a class=\"elementor-button elementor-button-link elementor-size-sm elementor-animation-push\" href=\"#Formulaire\">\n\t\t\t\t\t\t<span class=\"elementor-button-content-wrapper\">\n\t\t\t\t\t\t\t\t\t<span class=\"elementor-button-text\">Obtenir un devis<\/span>\n\t\t\t\t\t<\/span>\n\t\t\t\t\t<\/a>\n\t\t\t\t<\/div>\n\t\t\t\t\t\t\t\t<\/div>\n\t\t\t\t<\/div>\n\t\t\t\t<div class=\"elementor-element elementor-element-4aeeef8 elementor-widget elementor-widget-text-editor\" data-id=\"4aeeef8\" data-element_type=\"widget\" data-widget_type=\"text-editor.default\">\n\t\t\t\t<div class=\"elementor-widget-container\">\n\t\t\t\t\t\t\t\t\t<p data-start=\"63\" data-end=\"241\"><span style=\"color: #000000;\">Le mod\u00e8le de piscine\/spa <strong>Jade<\/strong> 10&prime; x 20&prime; est parfait pour les petits espaces. Avec ses larges bancs tout autour, il offre un confort optimal pour tous les baigneurs.<\/span><\/p><p data-start=\"243\" data-end=\"393\"><span style=\"color: #000000;\">Id\u00e9ale pour les cours urbaines, cette piscine combine fonctionnalit\u00e9 et design \u00e9pur\u00e9, s\u2019int\u00e9grant parfaitement \u00e0 un am\u00e9nagement moderne en pav\u00e9.<\/span><\/p>\t\t\t\t\t\t\t\t<\/div>\n\t\t\t\t<\/div>\n\t\t\t\t<div class=\"elementor-element elementor-element-66da87d elementor-widget__width-initial elementor-invisible elementor-widget elementor-widget-heading\" data-id=\"66da87d\" data-element_type=\"widget\" data-settings=\"{&quot;_animation&quot;:&quot;fadeIn&quot;}\" data-widget_type=\"heading.default\">\n\t\t\t\t<div class=\"elementor-widget-container\">\n\t\t\t\t\t<h2 class=\"elementor-heading-title elementor-size-default\">NOS COULEURS DE PISCINE DISPONIBLE\n<\/h2>\t\t\t\t<\/div>\n\t\t\t\t<\/div>\n\t\t\t\t<div class=\"elementor-element elementor-element-3503c2e elementor-widget elementor-widget-gallery\" data-id=\"3503c2e\" data-element_type=\"widget\" data-settings=\"{&quot;gallery_layout&quot;:&quot;justified&quot;,&quot;ideal_row_height&quot;:{&quot;unit&quot;:&quot;px&quot;,&quot;size&quot;:83,&quot;sizes&quot;:[]},&quot;gap&quot;:{&quot;unit&quot;:&quot;px&quot;,&quot;size&quot;:11,&quot;sizes&quot;:[]},&quot;lazyload&quot;:&quot;yes&quot;,&quot;ideal_row_height_tablet&quot;:{&quot;unit&quot;:&quot;px&quot;,&quot;size&quot;:150,&quot;sizes&quot;:[]},&quot;ideal_row_height_mobile&quot;:{&quot;unit&quot;:&quot;px&quot;,&quot;size&quot;:150,&quot;sizes&quot;:[]},&quot;gap_tablet&quot;:{&quot;unit&quot;:&quot;px&quot;,&quot;size&quot;:10,&quot;sizes&quot;:[]},&quot;gap_mobile&quot;:{&quot;unit&quot;:&quot;px&quot;,&quot;size&quot;:10,&quot;sizes&quot;:[]},&quot;link_to&quot;:&quot;file&quot;,&quot;show_all_galleries&quot;:&quot;yes&quot;,&quot;overlay_background&quot;:&quot;yes&quot;,&quot;content_hover_animation&quot;:&quot;fade-in&quot;}\" data-widget_type=\"gallery.default\">\n\t\t\t\t<div class=\"elementor-widget-container\">\n\t\t\t\t\t\t\t\t<div class=\"elementor-gallery__titles-container e--pointer-underline e--animation-fade\" aria-label=\"Gallery filter\">\n\t\t\t\t\t\t\t\t\t<a class=\"elementor-item elementor-gallery-title\" role=\"button\" tabindex=\"0\" data-gallery-index=\"all\">\n\t\t\t\t\t\tTout\t\t\t\t\t<\/a>\n\t\t\t\t\n\t\t\t\t\t\t\t\t\t<a class=\"elementor-item elementor-gallery-title\" role=\"button\" tabindex=\"0\" data-gallery-index=\"1\">\n\t\t\t\t\t\tnos couleurs de piscine\t\t\t\t\t<\/a>\n\t\t\t\t\t\t\t\t<\/div>\n\t\t\t\t\t<div class=\"elementor-gallery__container\">\n\t\t\t\t\t\t\t<a class=\"e-gallery-item elementor-gallery-item elementor-animated-content\" data-e-gallery-tags=\"1\" href=\"https:\/\/piscinenoah.com\/wp-content\/uploads\/2024\/01\/sel-de-mer-1024x1024-1.png\" data-elementor-open-lightbox=\"yes\" data-elementor-lightbox-slideshow=\"3503c2e\" data-elementor-lightbox-title=\"sel-de-mer-1024x1024-1\" data-e-action-hash=\"#elementor-action%3Aaction%3Dlightbox%26settings%3DeyJpZCI6NjA5LCJ1cmwiOiJodHRwczpcL1wvcGlzY2luZW5vYWguY29tXC93cC1jb250ZW50XC91cGxvYWRzXC8yMDI0XC8wMVwvc2VsLWRlLW1lci0xMDI0eDEwMjQtMS5wbmciLCJzbGlkZXNob3ciOiIzNTAzYzJlIn0%3D\">\n\t\t\t\t\t<div class=\"e-gallery-image elementor-gallery-item__image\" data-thumbnail=\"https:\/\/piscinenoah.com\/wp-content\/uploads\/2024\/01\/sel-de-mer-1024x1024-1-150x150.png\" data-width=\"150\" data-height=\"150\" aria-label=\"\" role=\"img\" ><\/div>\n\t\t\t\t\t\t\t\t\t\t\t<div class=\"elementor-gallery-item__overlay\"><\/div>\n\t\t\t\t\t\t\t\t\t\t\t\t\t\t<\/a>\n\t\t\t\t\t\t\t<a class=\"e-gallery-item elementor-gallery-item elementor-animated-content\" data-e-gallery-tags=\"1\" href=\"https:\/\/piscinenoah.com\/wp-content\/uploads\/2024\/01\/gris-arctique-1024x1024-1.png\" data-elementor-open-lightbox=\"yes\" data-elementor-lightbox-slideshow=\"3503c2e\" data-elementor-lightbox-title=\"gris-arctique-1024x1024-1\" data-e-action-hash=\"#elementor-action%3Aaction%3Dlightbox%26settings%3DeyJpZCI6NjEwLCJ1cmwiOiJodHRwczpcL1wvcGlzY2luZW5vYWguY29tXC93cC1jb250ZW50XC91cGxvYWRzXC8yMDI0XC8wMVwvZ3Jpcy1hcmN0aXF1ZS0xMDI0eDEwMjQtMS5wbmciLCJzbGlkZXNob3ciOiIzNTAzYzJlIn0%3D\">\n\t\t\t\t\t<div class=\"e-gallery-image elementor-gallery-item__image\" data-thumbnail=\"https:\/\/piscinenoah.com\/wp-content\/uploads\/2024\/01\/gris-arctique-1024x1024-1-150x150.png\" data-width=\"150\" data-height=\"150\" aria-label=\"\" role=\"img\" ><\/div>\n\t\t\t\t\t\t\t\t\t\t\t<div class=\"elementor-gallery-item__overlay\"><\/div>\n\t\t\t\t\t\t\t\t\t\t\t\t\t\t<\/a>\n\t\t\t\t\t\t\t<a class=\"e-gallery-item elementor-gallery-item elementor-animated-content\" data-e-gallery-tags=\"1\" href=\"https:\/\/piscinenoah.com\/wp-content\/uploads\/2024\/01\/aqua-1024x1024-1.png\" data-elementor-open-lightbox=\"yes\" data-elementor-lightbox-slideshow=\"3503c2e\" data-elementor-lightbox-title=\"aqua-1024x1024-1\" data-e-action-hash=\"#elementor-action%3Aaction%3Dlightbox%26settings%3DeyJpZCI6NjExLCJ1cmwiOiJodHRwczpcL1wvcGlzY2luZW5vYWguY29tXC93cC1jb250ZW50XC91cGxvYWRzXC8yMDI0XC8wMVwvYXF1YS0xMDI0eDEwMjQtMS5wbmciLCJzbGlkZXNob3ciOiIzNTAzYzJlIn0%3D\">\n\t\t\t\t\t<div class=\"e-gallery-image elementor-gallery-item__image\" data-thumbnail=\"https:\/\/piscinenoah.com\/wp-content\/uploads\/2024\/01\/aqua-1024x1024-1-150x150.png\" data-width=\"150\" data-height=\"150\" aria-label=\"\" role=\"img\" ><\/div>\n\t\t\t\t\t\t\t\t\t\t\t<div class=\"elementor-gallery-item__overlay\"><\/div>\n\t\t\t\t\t\t\t\t\t\t\t\t\t\t<\/a>\n\t\t\t\t\t\t\t<a class=\"e-gallery-item elementor-gallery-item elementor-animated-content\" data-e-gallery-tags=\"1\" href=\"https:\/\/piscinenoah.com\/wp-content\/uploads\/2024\/01\/ocean-1024x1024-1.png\" data-elementor-open-lightbox=\"yes\" data-elementor-lightbox-slideshow=\"3503c2e\" data-elementor-lightbox-title=\"ocean-1024x1024-1\" data-e-action-hash=\"#elementor-action%3Aaction%3Dlightbox%26settings%3DeyJpZCI6NjEyLCJ1cmwiOiJodHRwczpcL1wvcGlzY2luZW5vYWguY29tXC93cC1jb250ZW50XC91cGxvYWRzXC8yMDI0XC8wMVwvb2NlYW4tMTAyNHgxMDI0LTEucG5nIiwic2xpZGVzaG93IjoiMzUwM2MyZSJ9\">\n\t\t\t\t\t<div class=\"e-gallery-image elementor-gallery-item__image\" data-thumbnail=\"https:\/\/piscinenoah.com\/wp-content\/uploads\/2024\/01\/ocean-1024x1024-1-150x150.png\" data-width=\"150\" data-height=\"150\" aria-label=\"\" role=\"img\" ><\/div>\n\t\t\t\t\t\t\t\t\t\t\t<div class=\"elementor-gallery-item__overlay\"><\/div>\n\t\t\t\t\t\t\t\t\t\t\t\t\t\t<\/a>\n\t\t\t\t\t\t\t<a class=\"e-gallery-item elementor-gallery-item elementor-animated-content\" data-e-gallery-tags=\"1\" href=\"https:\/\/piscinenoah.com\/wp-content\/uploads\/2024\/01\/pacifique-1024x1024-1.png\" data-elementor-open-lightbox=\"yes\" data-elementor-lightbox-slideshow=\"3503c2e\" data-elementor-lightbox-title=\"pacifique-1024x1024-1\" data-e-action-hash=\"#elementor-action%3Aaction%3Dlightbox%26settings%3DeyJpZCI6NjEzLCJ1cmwiOiJodHRwczpcL1wvcGlzY2luZW5vYWguY29tXC93cC1jb250ZW50XC91cGxvYWRzXC8yMDI0XC8wMVwvcGFjaWZpcXVlLTEwMjR4MTAyNC0xLnBuZyIsInNsaWRlc2hvdyI6IjM1MDNjMmUifQ%3D%3D\">\n\t\t\t\t\t<div class=\"e-gallery-image elementor-gallery-item__image\" data-thumbnail=\"https:\/\/piscinenoah.com\/wp-content\/uploads\/2024\/01\/pacifique-1024x1024-1-150x150.png\" data-width=\"150\" data-height=\"150\" aria-label=\"\" role=\"img\" ><\/div>\n\t\t\t\t\t\t\t\t\t\t\t<div class=\"elementor-gallery-item__overlay\"><\/div>\n\t\t\t\t\t\t\t\t\t\t\t\t\t\t<\/a>\n\t\t\t\t\t\t\t<a class=\"e-gallery-item elementor-gallery-item elementor-animated-content\" data-e-gallery-tags=\"1\" href=\"https:\/\/piscinenoah.com\/wp-content\/uploads\/2024\/01\/galaxie-1024x1024-1.png\" data-elementor-open-lightbox=\"yes\" data-elementor-lightbox-slideshow=\"3503c2e\" data-elementor-lightbox-title=\"galaxie-1024x1024-1\" data-e-action-hash=\"#elementor-action%3Aaction%3Dlightbox%26settings%3DeyJpZCI6NjE0LCJ1cmwiOiJodHRwczpcL1wvcGlzY2luZW5vYWguY29tXC93cC1jb250ZW50XC91cGxvYWRzXC8yMDI0XC8wMVwvZ2FsYXhpZS0xMDI0eDEwMjQtMS5wbmciLCJzbGlkZXNob3ciOiIzNTAzYzJlIn0%3D\">\n\t\t\t\t\t<div class=\"e-gallery-image elementor-gallery-item__image\" data-thumbnail=\"https:\/\/piscinenoah.com\/wp-content\/uploads\/2024\/01\/galaxie-1024x1024-1-150x150.png\" data-width=\"150\" data-height=\"150\" aria-label=\"\" role=\"img\" ><\/div>\n\t\t\t\t\t\t\t\t\t\t\t<div class=\"elementor-gallery-item__overlay\"><\/div>\n\t\t\t\t\t\t\t\t\t\t\t\t\t\t<\/a>\n\t\t\t\t\t<\/div>\n\t\t\t\t\t<\/div>\n\t\t\t\t<\/div>\n\t\t\t\t<div class=\"elementor-element elementor-element-9afc3e6 elementor-widget__width-initial elementor-invisible elementor-widget elementor-widget-heading\" data-id=\"9afc3e6\" data-element_type=\"widget\" data-settings=\"{&quot;_animation&quot;:&quot;fadeIn&quot;}\" data-widget_type=\"heading.default\">\n\t\t\t\t<div class=\"elementor-widget-container\">\n\t\t\t\t\t<h2 class=\"elementor-heading-title elementor-size-default\">LES INCLUS DANS NOS INSTALLATIONS\n<\/h2>\t\t\t\t<\/div>\n\t\t\t\t<\/div>\n\t\t\t\t<div class=\"elementor-element elementor-element-a16dbe5 elementor-widget elementor-widget-text-editor\" data-id=\"a16dbe5\" data-element_type=\"widget\" data-widget_type=\"text-editor.default\">\n\t\t\t\t<div class=\"elementor-widget-container\">\n\t\t\t\t\t\t\t\t\t<p><span style=\"color: #000000; text-align: var(--text-align); font-size: 1rem;\">Visite \u00e0 domicile d\u2019un repr\u00e9sentant<\/span><br \/><span style=\"color: #000000;\">Plan 2D personnalis\u00e9<\/span><br \/><span style=\"color: #000000;\">Excavation compl\u00e8te et disposition de la terre<\/span><br \/><span style=\"color: #000000;\">Installation de la piscine<\/span><br \/><span style=\"color: #000000;\">Installation des \u00e9quipements de filtration<\/span><br \/><span style=\"color: #000000;\">Mise en marche et formation pour l\u2019utilisateur<\/span><\/p><p><span style=\"color: #000000;\">\u00c9quipements Inclus \u00e0 l\u2019achat :<br \/><\/span><span style=\"color: #000000; text-align: var(--text-align); font-size: 1rem;\">\u00c9cumoire compl\u00e8te incluant plaque de balayeuse<br \/><\/span><span style=\"color: #000000; text-align: var(--text-align); font-size: 1rem;\">2 retours<br \/><\/span><span style=\"color: #000000; text-align: var(--text-align); font-size: 1rem;\">1 drain mural<br \/><\/span><span style=\"color: #000000; text-align: var(--text-align); font-size: 1rem;\">Plomberie compl\u00e8te pour raccordement des \u00e9quipements\u00a0<br \/><\/span><span style=\"color: #000000; text-align: var(--text-align); font-size: 1rem;\">Filtre au sable haute performance<\/span><\/p><p><span style=\"color: #000000;\">Pompe 1,5 hp haute performance (110v\/220v)<\/span><br \/><span style=\"color: #000000;\">Sable de filtration<\/span><br \/><span style=\"color: #000000;\">Puits d\u2019ass\u00e8chement\u00a0 avec couvercle<br \/><\/span><br \/><span style=\"color: #000000;\">Ensemble d\u2019entretien Noah incluant :<\/span><br \/><span style=\"color: #000000;\">P\u00f4le t\u00e9lescopique<\/span><br \/><span style=\"color: #000000;\">Kit de plomberie compl\u00e8te<\/span><br \/><span style=\"color: #000000;\">T\u00eate de balayeuse triangulaire<\/span><br \/><span style=\"color: #000000;\">Brosse de mur<\/span><br \/><span style=\"color: #000000;\">Thermom\u00e8tre<\/span><br \/><span style=\"color: #000000;\">Ensemble d\u2019analyse (languettes x 50)<\/span><br \/><span style=\"color: #000000;\">Crochets pour accessoires<\/span><br \/><span style=\"color: #000000;\">Boyau de balayeuse premium<\/span><br \/><span style=\"color: #000000;\">Boyau de drainage HD<\/span><br \/><span style=\"color: #000000;\">Boyau 1 \u00bd<\/span><br \/><span style=\"color: #000000;\">Anode<\/span><br \/><span style=\"color: #000000;\">Guide de l\u2019utilisateur<\/span><\/p>\t\t\t\t\t\t\t\t<\/div>\n\t\t\t\t<\/div>\n\t\t\t\t<div class=\"elementor-element elementor-element-71c0577 elementor-align-center elementor-invisible elementor-widget elementor-widget-button\" data-id=\"71c0577\" data-element_type=\"widget\" data-settings=\"{&quot;_animation&quot;:&quot;fadeInUp&quot;,&quot;_animation_delay&quot;:400}\" data-widget_type=\"button.default\">\n\t\t\t\t<div class=\"elementor-widget-container\">\n\t\t\t\t\t\t\t\t\t<div class=\"elementor-button-wrapper\">\n\t\t\t\t\t<a class=\"elementor-button elementor-button-link elementor-size-sm elementor-animation-push\" href=\"#Formulaire\">\n\t\t\t\t\t\t<span class=\"elementor-button-content-wrapper\">\n\t\t\t\t\t\t\t\t\t<span class=\"elementor-button-text\">Soumission en ligne<\/span>\n\t\t\t\t\t<\/span>\n\t\t\t\t\t<\/a>\n\t\t\t\t<\/div>\n\t\t\t\t\t\t\t\t<\/div>\n\t\t\t\t<\/div>\n\t\t\t\t<\/div>\n\t\t\t\t<\/div>\n\t\t\t\t<\/div>\n\t\t","protected":false},"excerpt":{"rendered":"<p>Obtenir un devis UNE PAUSE DE DETENTE COLLECTION PISCINE TROPICAL RETOUR AU MOD\u00c8LES MOD\u00c8LE JADE 10&prime; X 20&prime; Obtenir un devis Le mod\u00e8le de piscine\/spa Jade 10&prime; x 20&prime; est parfait pour les petits espaces. Avec ses larges bancs tout autour, il offre un confort optimal pour tous les baigneurs. Id\u00e9ale pour les cours urbaines, [&hellip;]<\/p>\n","protected":false},"author":1,"featured_media":0,"parent":0,"menu_order":0,"comment_status":"closed","ping_status":"closed","template":"elementor_header_footer","meta":{"om_disable_all_campaigns":false,"_monsterinsights_skip_tracking":false,"_monsterinsights_sitenote_active":false,"_monsterinsights_sitenote_note":"","_monsterinsights_sitenote_category":0,"_uf_show_specific_survey":0,"_uf_disable_surveys":false,"footnotes":""},"class_list":["post-1766","page","type-page","status-publish","hentry"],"aioseo_notices":[],"_links":{"self":[{"href":"https:\/\/piscinenoah.com\/en\/wp-json\/wp\/v2\/pages\/1766","targetHints":{"allow":["GET"]}}],"collection":[{"href":"https:\/\/piscinenoah.com\/en\/wp-json\/wp\/v2\/pages"}],"about":[{"href":"https:\/\/piscinenoah.com\/en\/wp-json\/wp\/v2\/types\/page"}],"author":[{"embeddable":true,"href":"https:\/\/piscinenoah.com\/en\/wp-json\/wp\/v2\/users\/1"}],"replies":[{"embeddable":true,"href":"https:\/\/piscinenoah.com\/en\/wp-json\/wp\/v2\/comments?post=1766"}],"version-history":[{"count":15,"href":"https:\/\/piscinenoah.com\/en\/wp-json\/wp\/v2\/pages\/1766\/revisions"}],"predecessor-version":[{"id":1870,"href":"https:\/\/piscinenoah.com\/en\/wp-json\/wp\/v2\/pages\/1766\/revisions\/1870"}],"wp:attachment":[{"href":"https:\/\/piscinenoah.com\/en\/wp-json\/wp\/v2\/media?parent=1766"}],"curies":[{"name":"wp","href":"https:\/\/api.w.org\/{rel}","templated":true}]}}